{"id":5017,"date":"2019-09-04T15:34:17","date_gmt":"2019-09-04T13:34:17","guid":{"rendered":"https:\/\/www.acotral.com\/?page_id=5017"},"modified":"2019-09-05T12:51:24","modified_gmt":"2019-09-05T10:51:24","slug":"galeria","status":"publish","type":"page","link":"https:\/\/www.acotral.com\/fr\/galeria\/","title":{"rendered":"GALERIE"},"content":{"rendered":"<p>[vc_row css_animation=\u00a0\u00bb\u00a0\u00bb row_type=\u00a0\u00bbrow\u00a0\u00bb use_row_as_full_screen_section=\u00a0\u00bbno\u00a0\u00bb type=\u00a0\u00bbfull_width\u00a0\u00bb angled_section=\u00a0\u00bbno\u00a0\u00bb text_align=\u00a0\u00bbleft\u00a0\u00bb background_image_as_pattern=\u00a0\u00bbwithout_pattern\u00a0\u00bb][vc_column][vc_empty_space][vc_empty_space][\/vc_column][\/vc_row][vc_row css_animation=\u00a0\u00bb\u00a0\u00bb row_type=\u00a0\u00bbrow\u00a0\u00bb use_row_as_full_screen_section=\u00a0\u00bbno\u00a0\u00bb type=\u00a0\u00bbfull_width\u00a0\u00bb angled_section=\u00a0\u00bbno\u00a0\u00bb text_align=\u00a0\u00bbleft\u00a0\u00bb background_image_as_pattern=\u00a0\u00bbwithout_pattern\u00a0\u00bb][vc_column width=\u00a0\u00bb1\/3&Prime;]<div class=\"qode-crossfade-images\" >\n\t\t<div class=\"qode-cfi-img-holder\" \n\t\t\tstyle=\"\tmax-height:1279px;\n\t\t\t\t\tbackground-color: ;\n\t\t\t\">\n\t\t<div class=\"qode-cfi-img-holder-inner\">\n\t\t\t<img decoding=\"async\" src=\"https:\/\/www.acotral.com\/wp-content\/uploads\/2018\/08\/Acotral-Servicios-Carretera-1.jpg\" alt=\"initial image\" \/>\n\t\t\t<div class=\"qodef-cfi-image-hover qode-lazy-image\" data-image=\"https:\/\/www.acotral.com\/wp-content\/uploads\/2018\/08\/Acotral-Servicios-de-Carretera.jpg\" data-lazy='true'><\/div>\n\t\t<\/div>\n\t<\/div>\n\t<\/div><div class=\"qode-crossfade-images\" >\n\t\t<div class=\"qode-cfi-img-holder\" \n\t\t\tstyle=\"\tmax-height:1279px;\n\t\t\t\t\tbackground-color: ;\n\t\t\t\">\n\t\t<div class=\"qode-cfi-img-holder-inner\">\n\t\t\t<img decoding=\"async\" src=\"https:\/\/www.acotral.com\/wp-content\/uploads\/2019\/09\/Alfonso-Huevar-circulando-2.jpg\" alt=\"initial image\" \/>\n\t\t\t<div class=\"qodef-cfi-image-hover qode-lazy-image\" data-image=\"https:\/\/www.acotral.com\/wp-content\/uploads\/2019\/09\/Alfonso-Huevar-circulando-coches-atardecer-1-2.jpg\" data-lazy='true'><\/div>\n\t\t<\/div>\n\t<\/div>\n\t<\/div><div class=\"qode-crossfade-images\" >\n\t\t<div class=\"qode-cfi-img-holder\" \n\t\t\tstyle=\"\tmax-height:1279px;\n\t\t\t\t\tbackground-color: ;\n\t\t\t\">\n\t\t<div class=\"qode-cfi-img-holder-inner\">\n\t\t\t<img decoding=\"async\" src=\"https:\/\/www.acotral.com\/wp-content\/uploads\/2019\/09\/facebook-medio-ambiente-tractora-izquierda.jpg\" alt=\"initial image\" \/>\n\t\t\t<div class=\"qodef-cfi-image-hover qode-lazy-image\" data-image=\"https:\/\/www.acotral.com\/wp-content\/uploads\/2019\/09\/facebook-medio-ambiente-tractora.jpg\" data-lazy='true'><\/div>\n\t\t<\/div>\n\t<\/div>\n\t<\/div><div class=\"qode-crossfade-images\" >\n\t\t<div class=\"qode-cfi-img-holder\" \n\t\t\tstyle=\"\tmax-height:1279px;\n\t\t\t\t\tbackground-color: ;\n\t\t\t\">\n\t\t<div class=\"qode-cfi-img-holder-inner\">\n\t\t\t<img decoding=\"async\" src=\"https:\/\/www.acotral.com\/wp-content\/uploads\/2019\/09\/Jose-A.-Jirona-Mu\u00f1oz.-Flota-Antequera.-Iveco.-Lluvia.-Reflejos.-Arcoiris.-Tractoras.-Camiones.-Puerta.a.-2.jpg\" alt=\"initial image\" \/>\n\t\t\t<div class=\"qodef-cfi-image-hover qode-lazy-image\" data-image=\"https:\/\/www.acotral.com\/wp-content\/uploads\/2019\/09\/Jose-A.-Jirona-Mu\u00f1oz.-Flota-Antequera.-Iveco.-Lluvia.-Reflejos.-Arcoiris.-Tractoras.-Camiones.-1.jpg\" data-lazy='true'><\/div>\n\t\t<\/div>\n\t<\/div>\n\t<\/div>[\/vc_column][vc_column width=\u00a0\u00bb1\/3&Prime;]<div class=\"qode-crossfade-images\" >\n\t\t<div class=\"qode-cfi-img-holder\" \n\t\t\tstyle=\"\tmax-height:1066px;\n\t\t\t\t\tbackground-color: ;\n\t\t\t\">\n\t\t<div class=\"qode-cfi-img-holder-inner\">\n\t\t\t<img decoding=\"async\" src=\"https:\/\/www.acotral.com\/wp-content\/uploads\/2019\/02\/Juan-S\u00e1nchez-nuevo-Responsable-de-Flota-en-Valencia-y-Baleares-2.jpg\" alt=\"initial image\" \/>\n\t\t\t<div class=\"qodef-cfi-image-hover qode-lazy-image\" data-image=\"https:\/\/www.acotral.com\/wp-content\/uploads\/2019\/02\/Acotral-inicia-las-pruebas-del-cami\u00f3n-TGM-el\u00e9ctrico-de-MAN.jpg\" data-lazy='true'><\/div>\n\t\t<\/div>\n\t<\/div>\n\t<\/div><div class=\"qode-crossfade-images\" >\n\t\t<div class=\"qode-cfi-img-holder\" \n\t\t\tstyle=\"\tmax-height:1279px;\n\t\t\t\t\tbackground-color: ;\n\t\t\t\">\n\t\t<div class=\"qode-cfi-img-holder-inner\">\n\t\t\t<img decoding=\"async\" src=\"https:\/\/www.acotral.com\/wp-content\/uploads\/2019\/09\/Jose-Madrid-dron-cami\u00f3n.jpg\" alt=\"initial image\" \/>\n\t\t\t<div class=\"qodef-cfi-image-hover qode-lazy-image\" data-image=\"https:\/\/www.acotral.com\/wp-content\/uploads\/2019\/09\/GNL-cami\u00f3n-naturaleza-.jpg\" data-lazy='true'><\/div>\n\t\t<\/div>\n\t<\/div>\n\t<\/div><div class=\"qode-crossfade-images\" >\n\t\t<div class=\"qode-cfi-img-holder\" \n\t\t\tstyle=\"\tmax-height:1279px;\n\t\t\t\t\tbackground-color: ;\n\t\t\t\">\n\t\t<div class=\"qode-cfi-img-holder-inner\">\n\t\t\t<img decoding=\"async\" src=\"https:\/\/www.acotral.com\/wp-content\/uploads\/2019\/09\/Benigno-Fern\u00e1ndez-S\u00e1nchez.-Flota-Le\u00f3n.-Scania-nueva.-Cami\u00f3n.-Aparcada.-Fondo-limpio.-Nublado.-Nitida.-Espacio-limpio.-Aparcado.-Muelle..jpg\" alt=\"initial image\" \/>\n\t\t\t<div class=\"qodef-cfi-image-hover qode-lazy-image\" data-image=\"https:\/\/www.acotral.com\/wp-content\/uploads\/2019\/09\/Benigno-Fern\u00e1ndez-S\u00e1nchez.-Flota-Le\u00f3n.-Scania-nueva.-Cami\u00f3n.-Aparcada.-Fondo-limpio.-Nublado.-Nitida.-Espacio-limpio-II.jpg\" data-lazy='true'><\/div>\n\t\t<\/div>\n\t<\/div>\n\t<\/div><div class=\"qode-crossfade-images\" >\n\t\t<div class=\"qode-cfi-img-holder\" \n\t\t\tstyle=\"\tmax-height:1279px;\n\t\t\t\t\tbackground-color: ;\n\t\t\t\">\n\t\t<div class=\"qode-cfi-img-holder-inner\">\n\t\t\t<img decoding=\"async\" src=\"https:\/\/www.acotral.com\/wp-content\/uploads\/2019\/09\/gas-muelle-d\u00eda-Iveco-.jpg\" alt=\"initial image\" \/>\n\t\t\t<div class=\"qodef-cfi-image-hover qode-lazy-image\" data-image=\"https:\/\/www.acotral.com\/wp-content\/uploads\/2019\/09\/camiones-GNL-GAS-mercadona-bloque-d\u00eda-Jose-Rico-correo.jpg\" data-lazy='true'><\/div>\n\t\t<\/div>\n\t<\/div>\n\t<\/div>[\/vc_column][vc_column width=\u00a0\u00bb1\/3&Prime;]<div class=\"qode-crossfade-images\" >\n\t\t<div class=\"qode-cfi-img-holder\" \n\t\t\tstyle=\"\tmax-height:1279px;\n\t\t\t\t\tbackground-color: ;\n\t\t\t\">\n\t\t<div class=\"qode-cfi-img-holder-inner\">\n\t\t\t<img decoding=\"async\" src=\"https:\/\/www.acotral.com\/wp-content\/uploads\/2019\/09\/verde-personas-conductor-camiones-intermodal-logo.jpg\" alt=\"initial image\" \/>\n\t\t\t<div class=\"qodef-cfi-image-hover qode-lazy-image\" data-image=\"https:\/\/www.acotral.com\/wp-content\/uploads\/2019\/09\/traseras-noche-camiones-muelle-barco-intermodal-celeste-logo.jpg\" data-lazy='true'><\/div>\n\t\t<\/div>\n\t<\/div>\n\t<\/div><div class=\"qode-crossfade-images\" >\n\t\t<div class=\"qode-cfi-img-holder\" \n\t\t\tstyle=\"\tmax-height:1279px;\n\t\t\t\t\tbackground-color: ;\n\t\t\t\">\n\t\t<div class=\"qode-cfi-img-holder-inner\">\n\t\t\t<img decoding=\"async\" src=\"https:\/\/www.acotral.com\/wp-content\/uploads\/2019\/09\/naturaleza-carretera-circulando-d\u00eda-Alfonso-Valdivia-logo.jpg\" alt=\"initial image\" \/>\n\t\t\t<div class=\"qodef-cfi-image-hover qode-lazy-image\" data-image=\"https:\/\/www.acotral.com\/wp-content\/uploads\/2019\/09\/cami\u00f3n-naturaleza-circulando-logo-Alfonso.jpg\" data-lazy='true'><\/div>\n\t\t<\/div>\n\t<\/div>\n\t<\/div><div class=\"qode-crossfade-images\" >\n\t\t<div class=\"qode-cfi-img-holder\" \n\t\t\tstyle=\"\tmax-height:1279px;\n\t\t\t\t\tbackground-color: ;\n\t\t\t\">\n\t\t<div class=\"qode-cfi-img-holder-inner\">\n\t\t\t<img decoding=\"async\" src=\"https:\/\/www.acotral.com\/wp-content\/uploads\/2019\/09\/ENERO-2019-semirremolques-d\u00eda-agua-4.jpg\" alt=\"initial image\" \/>\n\t\t\t<div class=\"qodef-cfi-image-hover qode-lazy-image\" data-image=\"https:\/\/www.acotral.com\/wp-content\/uploads\/2019\/09\/2019-enero-04-agua-semirremolques.jpg\" data-lazy='true'><\/div>\n\t\t<\/div>\n\t<\/div>\n\t<\/div><div class=\"qode-crossfade-images\" >\n\t\t<div class=\"qode-cfi-img-holder\" \n\t\t\tstyle=\"\tmax-height:1279px;\n\t\t\t\t\tbackground-color: ;\n\t\t\t\">\n\t\t<div class=\"qode-cfi-img-holder-inner\">\n\t\t\t<img decoding=\"async\" src=\"https:\/\/www.acotral.com\/wp-content\/uploads\/2019\/09\/Benjam\u00edn-Armas-Santana.-Flota-las-Palmas.-Campo.-Vegetaci\u00f3n.-Sol.-dia.-Medioambiente-1.jpg\" alt=\"initial image\" \/>\n\t\t\t<div class=\"qodef-cfi-image-hover qode-lazy-image\" data-image=\"https:\/\/www.acotral.com\/wp-content\/uploads\/2019\/09\/Benjam\u00edn-Armas-Santana.-Flota-las-Palmas.-Montaje.-Perspectiva.-reflejo.-Scania-nueva.-aparcado.-asfalto-4.jpg\" data-lazy='true'><\/div>\n\t\t<\/div>\n\t<\/div>\n\t<\/div>[\/vc_column][\/vc_row]<\/p>\n","protected":false},"excerpt":{"rendered":"<p>[vc_row css_animation=\u00a0\u00bb\u00a0\u00bb row_type=\u00a0\u00bbrow\u00a0\u00bb use_row_as_full_screen_section=\u00a0\u00bbno\u00a0\u00bb type=\u00a0\u00bbfull_width\u00a0\u00bb angled_section=\u00a0\u00bbno\u00a0\u00bb text_align=\u00a0\u00bbleft\u00a0\u00bb background_image_as_pattern=\u00a0\u00bbwithout_pattern\u00a0\u00bb][vc_column][vc_empty_space][vc_empty_space][\/vc_column][\/vc_row][vc_row css_animation=\u00a0\u00bb\u00a0\u00bb row_type=\u00a0\u00bbrow\u00a0\u00bb use_row_as_full_screen_section=\u00a0\u00bbno\u00a0\u00bb type=\u00a0\u00bbfull_width\u00a0\u00bb angled_section=\u00a0\u00bbno\u00a0\u00bb text_align=\u00a0\u00bbleft\u00a0\u00bb background_image_as_pattern=\u00a0\u00bbwithout_pattern\u00a0\u00bb][vc_column width=\u00a0\u00bb1\/3&Prime;][\/vc_column][vc_column width=\u00a0\u00bb1\/3&Prime;][\/vc_column][vc_column width=\u00a0\u00bb1\/3&Prime;][\/vc_column][\/vc_row]<\/p>\n","protected":false},"author":4,"featured_media":0,"parent":0,"menu_order":0,"comment_status":"closed","ping_status":"closed","template":"","meta":{"ngg_post_thumbnail":0,"footnotes":""},"class_list":["post-5017","page","type-page","status-publish","hentry"],"_links":{"self":[{"href":"https:\/\/www.acotral.com\/fr\/wp-json\/wp\/v2\/pages\/5017","targetHints":{"allow":["GET"]}}],"collection":[{"href":"https:\/\/www.acotral.com\/fr\/wp-json\/wp\/v2\/pages"}],"about":[{"href":"https:\/\/www.acotral.com\/fr\/wp-json\/wp\/v2\/types\/page"}],"author":[{"embeddable":true,"href":"https:\/\/www.acotral.com\/fr\/wp-json\/wp\/v2\/users\/4"}],"replies":[{"embeddable":true,"href":"https:\/\/www.acotral.com\/fr\/wp-json\/wp\/v2\/comments?post=5017"}],"version-history":[{"count":8,"href":"https:\/\/www.acotral.com\/fr\/wp-json\/wp\/v2\/pages\/5017\/revisions"}],"predecessor-version":[{"id":5086,"href":"https:\/\/www.acotral.com\/fr\/wp-json\/wp\/v2\/pages\/5017\/revisions\/5086"}],"wp:attachment":[{"href":"https:\/\/www.acotral.com\/fr\/wp-json\/wp\/v2\/media?parent=5017"}],"curies":[{"name":"wp","href":"https:\/\/api.w.org\/{rel}","templated":true}]}}