{"id":4167,"date":"2019-03-20T23:50:31","date_gmt":"2019-03-20T22:50:31","guid":{"rendered":"https:\/\/www.acotral.com\/?page_id=4167"},"modified":"2019-09-10T17:25:09","modified_gmt":"2019-09-10T15:25:09","slug":"travaillez-avec-nous","status":"publish","type":"page","link":"https:\/\/www.acotral.com\/fr\/travaillez-avec-nous\/","title":{"rendered":"TRAVAILLEZ AVEC NOUS"},"content":{"rendered":"<p>[vc_row css_animation=\u00a0\u00bb\u00a0\u00bb row_type=\u00a0\u00bbrow\u00a0\u00bb use_row_as_full_screen_section=\u00a0\u00bbno\u00a0\u00bb type=\u00a0\u00bbfull_width\u00a0\u00bb angled_section=\u00a0\u00bbno\u00a0\u00bb text_align=\u00a0\u00bbleft\u00a0\u00bb background_image_as_pattern=\u00a0\u00bbwithout_pattern\u00a0\u00bb][vc_column][vc_column_text]Si vous recherchez de nouveaux d\u00e9fis professionnels, cette i\u00e7i est votre entreprise. Bienvenue dans notre espace d&rsquo;offres d&#8217;emploi, o\u00f9 vous pouvez consulter toutes les offres actuellement disponibles et vous inscrire. Vous pouvez \u00e9galement enregistrer votre CV et vos informations personnelles afin que nous puissions vous prendre en compte lors de futurs processus de s\u00e9lection.<\/p>\n<p><span style=\"font-weight: 400;\">Chez Acotral, notre principale valeur est le personnel, c\u2019est pourquoi nous vous proposons toutes sortes d\u2019options pour d\u00e9velopper votre travail.<\/span><\/p>\n<p><span style=\"font-weight: 400;\">Choisissez maintenant celui qui convient le mieux \u00e0 vos capacit\u00e9s et \u00e0 vos pr\u00e9occupations.<\/span>[\/vc_column_text][vc_empty_space height=\u00a0\u00bb50px\u00a0\u00bb][vc_tabs style=\u00a0\u00bbvertical_left\u00a0\u00bb][vc_tab title=\u00a0\u00bbChef de la Circulation Nationale\u00a0\u00bb tab_id=\u00a0\u00bb981edb16-a959-3&Prime;]<div class=\"qode_video_box\">\n\t<a itemprop=\"image\" class=\"qode_video_image\" href=\"https:\/\/www.youtube.com\/watch?v=Lroj36JF0oc\" data-rel=\"prettyPhoto\">\n\t\t\t\n\t\t\t<img decoding=\"async\" src=\"https:\/\/www.acotral.com\/wp-content\/uploads\/2019\/06\/Juan-Carlos-Pires-Le\u00f3n.jpg\" \/>\n\t\t\t<span class=\"qode_video_box_button_holder\">\n\t\t\t\t<span class=\"qode_video_box_button\">\n\t\t\t\t\t<span class=\"qode_video_box_button_arrow\">\n\t\t\t\t\t<\/span>\n\t\t\t\t<\/span>\n\t\t\t<\/span>\n\t\t\t<\/a>\n<\/div>[vc_empty_space][vc_column_text]<\/p>\n<h3><b>Chef de la Circulation Nationale<\/b><\/h3>\n<p>[\/vc_column_text][vc_empty_space][vc_column_text]<span style=\"font-weight: 400;\">Le Chef de la Circulation est la personne qui doit planifier et superviser les activit\u00e9s men\u00e9es par l&rsquo;unit\u00e9 sous sa responsabilit\u00e9.<\/span><\/p>\n<p><span style=\"font-weight: 400;\">Avec le Responsable de la Zone, le Chef de la Circulation doit coordonner la distribution des v\u00e9hicules de l&rsquo;entreprise.<\/span><\/p>\n<p><span style=\"font-weight: 400;\">Les v\u00e9hicules ne peuvent pas partir pour leur destination sans la supervision appropri\u00e9e du Chef de la Circulation.<\/span><\/p>\n<p><span style=\"font-weight: 400;\">Le travail du Chef de la Circulation este form\u00e9 \u00e9galement d\u2019une partie analytique importante. Les services doivent \u00eatre \u00e9valu\u00e9s pour optimiser leurs performances. Dans la partie la plus strat\u00e9gique, le Chef de la Circulation doit rassembler les informations n\u00e9cessaires pour d\u00e9terminer quels nouveaux itin\u00e9raires peuvent \u00eatre rentables. Il est important surtout lors de l&rsquo;optimisation des ressources sur les itin\u00e9raires internationaux. En tant que personne responsable, vous devez notifier tout incident susceptible de se produire \u00e0 cet \u00e9gard.<\/span><\/p>\n<p><span style=\"font-weight: 400;\">L&rsquo;activit\u00e9 logistique est fr\u00e9n\u00e9tique et contient de nombreuses autres t\u00e2ches similaires que le Chef de la Circulation doit \u00e9galement effectuer.<\/span>[\/vc_column_text][vc_empty_space]<a  itemprop=\"url\" href=\"https:\/\/www.bizneo.com\/trabajar\/compania-logistica-acotral\" target=\"_blank\"  class=\"qbutton  default\" style=\"\">Postulez-ici<\/a>[vc_empty_space][\/vc_tab][vc_tab title=\u00a0\u00bbChef de la Circulation Internationale\u00a0\u00bb tab_id=\u00a0\u00bb1522650054069-1-0&Prime;]<div class=\"qode_video_box\">\n\t<a itemprop=\"image\" class=\"qode_video_image\" href=\"https:\/\/www.youtube.com\/watch?v=Lroj36JF0oc\" data-rel=\"prettyPhoto\">\n\t\t\t\n\t\t\t<img decoding=\"async\" src=\"https:\/\/www.acotral.com\/wp-content\/uploads\/2018\/08\/Acotral-Jefe-de-Trafico.jpg\" \/>\n\t\t\t<span class=\"qode_video_box_button_holder\">\n\t\t\t\t<span class=\"qode_video_box_button\">\n\t\t\t\t\t<span class=\"qode_video_box_button_arrow\">\n\t\t\t\t\t<\/span>\n\t\t\t\t<\/span>\n\t\t\t<\/span>\n\t\t\t<\/a>\n<\/div>[vc_empty_space][vc_column_text]<\/p>\n<h3><b>Chef de la Circulation Internationale<\/b><\/h3>\n<p>[\/vc_column_text][vc_empty_space][vc_column_text]<\/p>\n<p><span style=\"font-weight: 400;\">Le Chef de la Circulation est la personne qui doit planifier et superviser les activit\u00e9s men\u00e9es par l&rsquo;unit\u00e9 sous sa responsabilit\u00e9.<\/span><\/p>\n<p><span style=\"font-weight: 400;\">Avec le Responsable de la Zone, le Chef de la Circulation doit coordonner la distribution des v\u00e9hicules de l&rsquo;entreprise.<\/span><\/p>\n<p><span style=\"font-weight: 400;\">Les v\u00e9hicules ne peuvent pas partir pour leur destination sans la supervision appropri\u00e9e du Chef de la Circulation.<\/span><\/p>\n<p><span style=\"font-weight: 400;\">Le travail du Chef de la Circulation este form\u00e9 \u00e9galement d\u2019une partie analytique importante. Les services doivent \u00eatre \u00e9valu\u00e9s pour optimiser leurs performances. Dans la partie la plus strat\u00e9gique, le Chef de la Circulation doit rassembler les informations n\u00e9cessaires pour d\u00e9terminer quels nouveaux itin\u00e9raires peuvent \u00eatre rentables. Il est \u00a0important surtout lors de l&rsquo;optimisation des ressources sur les itin\u00e9raires internationaux. En tant que personne responsable, vous devez notifier tout incident susceptible de se produire \u00e0 cet \u00e9gard.<\/span><\/p>\n<p><span style=\"font-weight: 400;\">L&rsquo;activit\u00e9 logistique est fr\u00e9n\u00e9tique et contient de nombreuses autres t\u00e2ches similaires que le Chef de la Circulation doit \u00e9galement effectuer.<\/span>[\/vc_column_text][vc_empty_space]<a  itemprop=\"url\" href=\"https:\/\/www.bizneo.com\/trabajar\/compania-logistica-acotral\" target=\"_blank\"  class=\"qbutton  default\" style=\"\">Postulez-ici<\/a>[vc_empty_space][\/vc_tab][vc_tab title=\u00a0\u00bbAdministratif\u00a0\u00bb tab_id=\u00a0\u00bb1522650056318-2-1&Prime;]<div class=\"qode_video_box\">\n\t<a itemprop=\"image\" class=\"qode_video_image\" href=\"https:\/\/www.youtube.com\/watch?v=Lroj36JF0oc\" data-rel=\"prettyPhoto\">\n\t\t\t\n\t\t\t<img decoding=\"async\" src=\"https:\/\/www.acotral.com\/wp-content\/uploads\/2018\/07\/Acotral-Madrid-Gloria-Padilla.jpg\" \/>\n\t\t\t<span class=\"qode_video_box_button_holder\">\n\t\t\t\t<span class=\"qode_video_box_button\">\n\t\t\t\t\t<span class=\"qode_video_box_button_arrow\">\n\t\t\t\t\t<\/span>\n\t\t\t\t<\/span>\n\t\t\t<\/span>\n\t\t\t<\/a>\n<\/div>[vc_empty_space][vc_column_text]<\/p>\n<h3><b>Administratif<\/b><\/h3>\n<p>[\/vc_column_text][vc_empty_space][vc_column_text]<span style=\"font-weight: 400;\">Selon le domaine auquel vous appartenez, vous aurez un type de t\u00e2che ou un autre. Le plus g\u00e9n\u00e9ral est la r\u00e9ception de documents et l&rsquo;attention t\u00e9l\u00e9phonique. Dans certains cas, vous devrez assister \u00e0 des visites et classer des documents. Vous allez informer \u00e9galement de tout ce qui concerne le d\u00e9partement dont vous d\u00e9pendez. Vous devez \u00eatre une personne attentive car vous devez \u00eatre au courant du traitement des fichiers<\/span>.[\/vc_column_text][vc_empty_space]<a  itemprop=\"url\" href=\"https:\/\/www.bizneo.com\/trabajar\/compania-logistica-acotral\" target=\"_blank\"  class=\"qbutton  default\" style=\"\">Postulez-ici<\/a>[vc_empty_space][\/vc_tab][vc_tab title=\u00a0\u00bbResponsable de Zone\u00a0\u00bb tab_id=\u00a0\u00bb1522650057501-3-7&Prime;]<div class=\"qode_video_box\">\n\t<a itemprop=\"image\" class=\"qode_video_image\" href=\"https:\/\/www.youtube.com\/watch?v=Lroj36JF0oc\" data-rel=\"prettyPhoto\">\n\t\t\t\n\t\t\t<img decoding=\"async\" src=\"https:\/\/www.acotral.com\/wp-content\/uploads\/2018\/06\/Acotral-Sevilla-Juan-Manuel-Salvador-Responsable.jpg\" \/>\n\t\t\t<span class=\"qode_video_box_button_holder\">\n\t\t\t\t<span class=\"qode_video_box_button\">\n\t\t\t\t\t<span class=\"qode_video_box_button_arrow\">\n\t\t\t\t\t<\/span>\n\t\t\t\t<\/span>\n\t\t\t<\/span>\n\t\t\t<\/a>\n<\/div>[vc_empty_space][vc_column_text]<\/p>\n<h3><b>Responsable de Zone<\/b><\/h3>\n<p>[\/vc_column_text][vc_empty_space][vc_column_text]<span style=\"font-weight: 400;\">Un Responsable de Zone est responsable de la direction et de l&rsquo;exploitation de la zone dans tous les d\u00e9partements d&rsquo;Acotral. Dans la plupart des cas, le responsable de zone dispose d&rsquo;une \u00e9quipe de personnes responsables de la gestion et de l&rsquo;ex\u00e9cution des t\u00e2ches de la zone. Selon le domaine dans lequel vous obtiendrez le poste, vous pouvez \u00eatre Responsable de Zone, de Flotte, de Ressources Humaines ou de Processus<\/span>.[\/vc_column_text][vc_empty_space]<a  itemprop=\"url\" href=\"https:\/\/www.bizneo.com\/trabajar\/compania-logistica-acotral\" target=\"_blank\"  class=\"qbutton  default\" style=\"\">Postulez-ici<\/a>[vc_empty_space][\/vc_tab][vc_tab title=\u00a0\u00bbTechnicien en Informatique\u00a0\u00bb tab_id=\u00a0\u00bb1522650058608-4-2&Prime;]<div class=\"qode_video_box\">\n\t<a itemprop=\"image\" class=\"qode_video_image\" href=\"https:\/\/www.youtube.com\/watch?v=Lroj36JF0oc\" data-rel=\"prettyPhoto\">\n\t\t\t\n\t\t\t<img decoding=\"async\" src=\"https:\/\/www.acotral.com\/wp-content\/uploads\/2018\/06\/Acotral-Sandra-del-Pozo-IT-Administrativo.jpg\" \/>\n\t\t\t<span class=\"qode_video_box_button_holder\">\n\t\t\t\t<span class=\"qode_video_box_button\">\n\t\t\t\t\t<span class=\"qode_video_box_button_arrow\">\n\t\t\t\t\t<\/span>\n\t\t\t\t<\/span>\n\t\t\t<\/span>\n\t\t\t<\/a>\n<\/div>[vc_empty_space][vc_column_text]<\/p>\n<h3><b>Technicien en Informatique<\/b><\/h3>\n<p>[\/vc_column_text][vc_empty_space][vc_column_text]<span style=\"font-weight: 400;\">Les techniciens en informatique des services de soutien travaillent en collaboration avec des ing\u00e9nieurs en informatique et aident les coll\u00e8gues \u00e0 faire fonctionner les \u00e9quipements informatiques. Ils doivent installer, tester, entretenir et mettre \u00e0 jour les \u00e9quipements informatiques et les logiciels<\/span>.[\/vc_column_text][vc_empty_space]<a  itemprop=\"url\" href=\"https:\/\/www.bizneo.com\/trabajar\/compania-logistica-acotral\" target=\"_blank\"  class=\"qbutton  default\" style=\"\">Postulez-ici<\/a>[vc_empty_space][\/vc_tab][vc_tab title=\u00a0\u00bbPilote\u00a0\u00bb tab_id=\u00a0\u00bb1522650059703-5-2&Prime;]<div class=\"qode_video_box\">\n\t<a itemprop=\"image\" class=\"qode_video_image\" href=\"https:\/\/www.youtube.com\/watch?v=Lroj36JF0oc\" data-rel=\"prettyPhoto\">\n\t\t\t\n\t\t\t<img decoding=\"async\" src=\"https:\/\/www.acotral.com\/wp-content\/uploads\/2018\/08\/Acotral-Empleo-Conductor.jpg\" \/>\n\t\t\t<span class=\"qode_video_box_button_holder\">\n\t\t\t\t<span class=\"qode_video_box_button\">\n\t\t\t\t\t<span class=\"qode_video_box_button_arrow\">\n\t\t\t\t\t<\/span>\n\t\t\t\t<\/span>\n\t\t\t<\/span>\n\t\t\t<\/a>\n<\/div>[vc_empty_space][vc_column_text]<\/p>\n<h3><b>Pilote<\/b><\/h3>\n<p>[\/vc_column_text][vc_empty_space][vc_column_text]<span style=\"font-weight: 400;\">Le pilote est l&rsquo;\u00e9l\u00e9ment cl\u00e9 de notre soci\u00e9t\u00e9. Il est en charge du transport et de la mise en place des marchandises dans le camion, en service sur route ou en service intermodal. Parmi ses principales fonctions, citons le chargement et le d\u00e9chargement de palettes dans le magasin avec un transpalette \u00e9lectrique, le contr\u00f4le de la feuille de route et l&rsquo;inspection de son v\u00e9hicule pour s&rsquo;assurer que tout fonctionne correctement<\/span>.[\/vc_column_text][vc_empty_space]<a  itemprop=\"url\" href=\"https:\/\/www.bizneo.com\/trabajar\/compania-logistica-acotral\" target=\"_blank\"  class=\"qbutton  default\" style=\"\">Postulez-ici<\/a>[vc_empty_space][\/vc_tab][\/vc_tabs][vc_empty_space height=\u00a0\u00bb100px\u00a0\u00bb][\/vc_column][\/vc_row]<\/p>\n","protected":false},"excerpt":{"rendered":"<p>[vc_row css_animation=\u00a0\u00bb\u00a0\u00bb row_type=\u00a0\u00bbrow\u00a0\u00bb use_row_as_full_screen_section=\u00a0\u00bbno\u00a0\u00bb type=\u00a0\u00bbfull_width\u00a0\u00bb angled_section=\u00a0\u00bbno\u00a0\u00bb text_align=\u00a0\u00bbleft\u00a0\u00bb background_image_as_pattern=\u00a0\u00bbwithout_pattern\u00a0\u00bb][vc_column][vc_column_text]Si vous recherchez de nouveaux d\u00e9fis professionnels, cette i\u00e7i est votre entreprise. Bienvenue dans notre espace d&rsquo;offres d&#8217;emploi, o\u00f9 vous pouvez consulter toutes les offres actuellement disponibles et vous inscrire. Vous pouvez \u00e9galement enregistrer votre CV et vos&#8230;<\/p>\n","protected":false},"author":4,"featured_media":0,"parent":0,"menu_order":0,"comment_status":"closed","ping_status":"closed","template":"","meta":{"ngg_post_thumbnail":0,"footnotes":""},"class_list":["post-4167","page","type-page","status-publish","hentry"],"_links":{"self":[{"href":"https:\/\/www.acotral.com\/fr\/wp-json\/wp\/v2\/pages\/4167","targetHints":{"allow":["GET"]}}],"collection":[{"href":"https:\/\/www.acotral.com\/fr\/wp-json\/wp\/v2\/pages"}],"about":[{"href":"https:\/\/www.acotral.com\/fr\/wp-json\/wp\/v2\/types\/page"}],"author":[{"embeddable":true,"href":"https:\/\/www.acotral.com\/fr\/wp-json\/wp\/v2\/users\/4"}],"replies":[{"embeddable":true,"href":"https:\/\/www.acotral.com\/fr\/wp-json\/wp\/v2\/comments?post=4167"}],"version-history":[{"count":11,"href":"https:\/\/www.acotral.com\/fr\/wp-json\/wp\/v2\/pages\/4167\/revisions"}],"predecessor-version":[{"id":5171,"href":"https:\/\/www.acotral.com\/fr\/wp-json\/wp\/v2\/pages\/4167\/revisions\/5171"}],"wp:attachment":[{"href":"https:\/\/www.acotral.com\/fr\/wp-json\/wp\/v2\/media?parent=4167"}],"curies":[{"name":"wp","href":"https:\/\/api.w.org\/{rel}","templated":true}]}}