{"id":4087,"date":"2019-03-18T22:25:38","date_gmt":"2019-03-18T21:25:38","guid":{"rendered":"https:\/\/www.acotral.com\/?page_id=4087"},"modified":"2019-03-19T11:54:02","modified_gmt":"2019-03-19T10:54:02","slug":"services-routiers","status":"publish","type":"page","link":"https:\/\/www.acotral.com\/fr\/services-routiers\/","title":{"rendered":"Services Routiers"},"content":{"rendered":"<p>[vc_row css_animation=\u00a0\u00bb\u00a0\u00bb row_type=\u00a0\u00bbrow\u00a0\u00bb use_row_as_full_screen_section=\u00a0\u00bbno\u00a0\u00bb type=\u00a0\u00bbfull_width\u00a0\u00bb angled_section=\u00a0\u00bbno\u00a0\u00bb text_align=\u00a0\u00bbleft\u00a0\u00bb background_image_as_pattern=\u00a0\u00bbwithout_pattern\u00a0\u00bb][vc_column][vc_empty_space height=\u00a0\u00bb30px\u00a0\u00bb][vc_column_text]<\/p>\n<h2 style=\"text-align: center;\">Transport routier de courte, moyenne et longue distance<\/h2>\n<p>[\/vc_column_text][vc_empty_space height=\u00a0\u00bb30px\u00a0\u00bb][vc_column_text]<\/p>\n<h3 style=\"text-align: center;\">National et international<\/h3>\n<p>[\/vc_column_text][vc_empty_space height=\u00a0\u00bb30px\u00a0\u00bb][\/vc_column][\/vc_row][vc_row css_animation=\u00a0\u00bb\u00a0\u00bb row_type=\u00a0\u00bbrow\u00a0\u00bb use_row_as_full_screen_section=\u00a0\u00bbno\u00a0\u00bb type=\u00a0\u00bbfull_width\u00a0\u00bb angled_section=\u00a0\u00bbno\u00a0\u00bb text_align=\u00a0\u00bbleft\u00a0\u00bb background_image_as_pattern=\u00a0\u00bbwithout_pattern\u00a0\u00bb][vc_column width=\u00a0\u00bb2\/3&Prime;][vc_empty_space height=\u00a0\u00bb30px\u00a0\u00bb][vc_column_text]Acotral atteint depuis les ann\u00e9es 70 une trajectoire large et sp\u00e9cialis\u00e9e dans le secteur du transport et de la logistique. Aujourd&rsquo;hui repr\u00e9sente une r\u00e9f\u00e9rence au sein du groupe gr\u00e2ce \u00e0 sa flotte moderne du transport routier.<\/p>\n<p>Pour pouvoir fournir un service de haute qualit\u00e9 et satisfaire les exigences du client, nous disposons de plus de 1. 500 v\u00e9hicules r\u00e9partis sur tout le territoire national et international, en offrant le service le plus qualifi\u00e9. \u00catre le meilleur moyen de transport est l\u2019objectif principal d\u2019Acotral.<\/p>\n<p>En Acotral, nous promouvons et soutenons les nouvelles alternatives au transport actuel: le camion de 25,25 m\u00e8tres, la plurimodalit\u00e9, les camions propuls\u00e9s au gaz font partie des nouveaux ajouts \u00e0 notre flotte routi\u00e8re au cours des 5 derni\u00e8res ann\u00e9es.<\/p>\n<p>La route est le mode de transport pr\u00e9f\u00e9r\u00e9 en raison de son co\u00fbt, de sa flexibilit\u00e9 et de sa capacit\u00e9 d\u2019adaptation. En r\u00e9alit\u00e9, notre activit\u00e9 est polluante et nous devons donc montrer \u00e0 la soci\u00e9t\u00e9 notre implication dans la recherche d\u2019alternatives; \u00e0 la fois en termes relatifs (par tonne \/ kilom\u00e8tre) et en absolu (\u00e9missions \/ kilom\u00e8tre). C\u2019est pourquoi Acotral s\u2019engage \u00e0 trouver des alternatives de tous types au transport actuel. Nous disposons aujourd\u2019hui de huit s\u00e9ries de 25,25 m\u00e8tres circulant en Espagne, ce qui, selon leur itin\u00e9raire, repr\u00e9sente une \u00e9conomie de 15- 25% en co\u00fbt et de 20% en \u00e9missions (exprim\u00e9e en tonnes \/ kilom\u00e8tre). Au cours du premier semestre de 2018, nous avons entrepris d\u2019importants travaux de r\u00e9novation de 40 tracteurs diesel pour les nouveaux tracteurs propuls\u00e9s au gaz naturel afin de fournir des services dans les centres urbains.<\/p>\n<p>En outre, en 2018, nous int\u00e9grons la nouvelle application Frigo \u00e0 notre service de Flotte sur route.[\/vc_column_text][vc_empty_space height=\u00a0\u00bb30px\u00a0\u00bb][vc_row_inner row_type=\u00a0\u00bbrow\u00a0\u00bb type=\u00a0\u00bbfull_width\u00a0\u00bb text_align=\u00a0\u00bbleft\u00a0\u00bb css_animation=\u00a0\u00bb\u00a0\u00bb][vc_column_inner width=\u00a0\u00bb1\/2&Prime;][vc_empty_space height=\u00a0\u00bb30px\u00a0\u00bb][vc_single_image image=\u00a0\u00bb2685&Prime; img_size=\u00a0\u00bblarge\u00a0\u00bb alignment=\u00a0\u00bbcenter\u00a0\u00bb onclick=\u00a0\u00bblink_image\u00a0\u00bb qode_css_animation=\u00a0\u00bb\u00a0\u00bb][\/vc_column_inner][vc_column_inner width=\u00a0\u00bb1\/2&Prime;][vc_empty_space height=\u00a0\u00bb30px\u00a0\u00bb][vc_single_image image=\u00a0\u00bb2697&Prime; img_size=\u00a0\u00bbfull\u00a0\u00bb alignment=\u00a0\u00bbcenter\u00a0\u00bb onclick=\u00a0\u00bblink_image\u00a0\u00bb qode_css_animation=\u00a0\u00bb\u00a0\u00bb][\/vc_column_inner][\/vc_row_inner][vc_row_inner row_type=\u00a0\u00bbrow\u00a0\u00bb type=\u00a0\u00bbfull_width\u00a0\u00bb text_align=\u00a0\u00bbleft\u00a0\u00bb css_animation=\u00a0\u00bb\u00a0\u00bb][vc_column_inner width=\u00a0\u00bb1\/2&Prime;][vc_empty_space height=\u00a0\u00bb30px\u00a0\u00bb][vc_single_image image=\u00a0\u00bb2699&Prime; img_size=\u00a0\u00bbfull\u00a0\u00bb alignment=\u00a0\u00bbcenter\u00a0\u00bb onclick=\u00a0\u00bblink_image\u00a0\u00bb qode_css_animation=\u00a0\u00bb\u00a0\u00bb][\/vc_column_inner][vc_column_inner width=\u00a0\u00bb1\/2&Prime;][vc_empty_space height=\u00a0\u00bb30px\u00a0\u00bb][vc_single_image image=\u00a0\u00bb2695&Prime; img_size=\u00a0\u00bbfull\u00a0\u00bb alignment=\u00a0\u00bbcenter\u00a0\u00bb onclick=\u00a0\u00bblink_image\u00a0\u00bb qode_css_animation=\u00a0\u00bb\u00a0\u00bb][\/vc_column_inner][\/vc_row_inner][vc_empty_space height=\u00a0\u00bb20px\u00a0\u00bb][\/vc_column][vc_column width=\u00a0\u00bb1\/3&Prime;][vc_empty_space height=\u00a0\u00bb30px\u00a0\u00bb][vc_column_text]<\/p>\n<h4 style=\"text-align: center;\">DERNI\u00c8RES ACTUALIT\u00c9S SUR LE TRANSPORT ROUTIER<\/h4>\n<p>[\/vc_column_text][vc_empty_space height=\u00a0\u00bb30px\u00a0\u00bb]\n<div class='latest_post_holder image_in_box  ' >\n    <ul>\n    \n        <li class=\"clearfix\">\n            <div class=\"latest_post\"  >\n                <div class=\"latest_post_image clearfix\">\n                    <a itemprop=\"url\" href=\"https:\/\/www.acotral.com\/fr\/29-enero-2019-entran-en-vigor-los-nuevos-limites-de-velocidad-en-carreteras-convecionales\/\">\n                                                <img decoding=\"async\" itemprop=\"image\" src=\"https:\/\/www.acotral.com\/wp-content\/uploads\/2019\/02\/Nuevos-l\u00edmites-de-velocidad-en-carreteras-convecionales-150x150.jpg\" alt=\"\" \/>\n                    <\/a>\n                <\/div>\n\n\n                <div class=\"latest_post_text\">\n                    <div class=\"latest_post_inner\">\n                        <div class=\"latest_post_text_inner\">\n                            <h5 itemprop=\"name\" class=\"latest_post_title entry_title\"><a itemprop=\"url\" href=\"https:\/\/www.acotral.com\/fr\/29-enero-2019-entran-en-vigor-los-nuevos-limites-de-velocidad-en-carreteras-convecionales\/\">29 Enero 2019, entran en vigor los nuevos l\u00edmites de velocidad en carreteras convecionales<\/a><\/h5>\n                            \n                            <span class=\"post_infos\">\n                                \n                                \n                                \n                                \n                                                            <\/span>\n                        <\/div>\n                    <\/div>\n                <\/div>\n            <\/div>\n        <\/li>\n        \n        <li class=\"clearfix\">\n            <div class=\"latest_post\"  >\n                <div class=\"latest_post_image clearfix\">\n                    <a itemprop=\"url\" href=\"https:\/\/www.acotral.com\/fr\/hablemos-de-equipo-juan-sanchez-nuevo-responsable-de-flota-en-valencia-y-baleares\/\">\n                                                <img decoding=\"async\" itemprop=\"image\" src=\"https:\/\/www.acotral.com\/wp-content\/uploads\/2019\/02\/Juan-S\u00e1nchez-nuevo-Responsable-de-Flota-en-Valencia-y-Baleares-150x150.jpg\" alt=\"\" \/>\n                    <\/a>\n                <\/div>\n\n\n                <div class=\"latest_post_text\">\n                    <div class=\"latest_post_inner\">\n                        <div class=\"latest_post_text_inner\">\n                            <h5 itemprop=\"name\" class=\"latest_post_title entry_title\"><a itemprop=\"url\" href=\"https:\/\/www.acotral.com\/fr\/hablemos-de-equipo-juan-sanchez-nuevo-responsable-de-flota-en-valencia-y-baleares\/\">Hablemos de: EQUIPO. Juan S\u00e1nchez, nuevo Responsable de Flota en Valencia y Baleares<\/a><\/h5>\n                            \n                            <span class=\"post_infos\">\n                                \n                                \n                                \n                                \n                                                            <\/span>\n                        <\/div>\n                    <\/div>\n                <\/div>\n            <\/div>\n        <\/li>\n        \n        <li class=\"clearfix\">\n            <div class=\"latest_post\"  >\n                <div class=\"latest_post_image clearfix\">\n                    <a itemprop=\"url\" href=\"https:\/\/www.acotral.com\/fr\/acotral-inicia-las-pruebas-del-camion-tgm-electrico-de-man\/\">\n                                                <img decoding=\"async\" itemprop=\"image\" src=\"https:\/\/www.acotral.com\/wp-content\/uploads\/2019\/02\/Acotral-inicia-las-pruebas-del-cami\u00f3n-TGM-el\u00e9ctrico-de-MAN-150x150.jpg\" alt=\"\" \/>\n                    <\/a>\n                <\/div>\n\n\n                <div class=\"latest_post_text\">\n                    <div class=\"latest_post_inner\">\n                        <div class=\"latest_post_text_inner\">\n                            <h5 itemprop=\"name\" class=\"latest_post_title entry_title\"><a itemprop=\"url\" href=\"https:\/\/www.acotral.com\/fr\/acotral-inicia-las-pruebas-del-camion-tgm-electrico-de-man\/\">Acotral inicia las pruebas del cami\u00f3n TGM el\u00e9ctrico de MAN<\/a><\/h5>\n                            \n                            <span class=\"post_infos\">\n                                \n                                \n                                \n                                \n                                                            <\/span>\n                        <\/div>\n                    <\/div>\n                <\/div>\n            <\/div>\n        <\/li>\n        \n        <li class=\"clearfix\">\n            <div class=\"latest_post\"  >\n                <div class=\"latest_post_image clearfix\">\n                    <a itemprop=\"url\" href=\"https:\/\/www.acotral.com\/fr\/acotral-incorpora-a-su-flota-ocho-camiones-de-gnl-de-scania\/\">\n                                                <img decoding=\"async\" itemprop=\"image\" src=\"https:\/\/www.acotral.com\/wp-content\/uploads\/2019\/02\/Acotral-incorpora-a-su-flota-ocho-camiones-de-GNL-de-Scania-150x150.jpg\" alt=\"\" \/>\n                    <\/a>\n                <\/div>\n\n\n                <div class=\"latest_post_text\">\n                    <div class=\"latest_post_inner\">\n                        <div class=\"latest_post_text_inner\">\n                            <h5 itemprop=\"name\" class=\"latest_post_title entry_title\"><a itemprop=\"url\" href=\"https:\/\/www.acotral.com\/fr\/acotral-incorpora-a-su-flota-ocho-camiones-de-gnl-de-scania\/\">Acotral incorpora a su flota ocho camiones de GNL de Scania<\/a><\/h5>\n                            \n                            <span class=\"post_infos\">\n                                \n                                \n                                \n                                \n                                                            <\/span>\n                        <\/div>\n                    <\/div>\n                <\/div>\n            <\/div>\n        <\/li>\n        \n    <\/ul>\n<\/div>[vc_empty_space height=\u00a0\u00bb30px\u00a0\u00bb]<a  itemprop=\"url\" href=\"\/category\/servicios-carretera\/\" target=\"_self\"  class=\"qbutton  default\" style=\"\">PLUS D'ACTUALIT\u00c9S<\/a>[vc_empty_space height=\u00a0\u00bb20px\u00a0\u00bb][\/vc_column][\/vc_row][vc_row css_animation=\u00a0\u00bb\u00a0\u00bb row_type=\u00a0\u00bbrow\u00a0\u00bb use_row_as_full_screen_section=\u00a0\u00bbno\u00a0\u00bb type=\u00a0\u00bbfull_width\u00a0\u00bb angled_section=\u00a0\u00bbno\u00a0\u00bb text_align=\u00a0\u00bbleft\u00a0\u00bb background_image_as_pattern=\u00a0\u00bbwithout_pattern\u00a0\u00bb][vc_column][vc_empty_space height=\u00a0\u00bb30px\u00a0\u00bb][\/vc_column][\/vc_row]<\/p>\n","protected":false},"excerpt":{"rendered":"<p>[vc_row css_animation=\u00a0\u00bb\u00a0\u00bb row_type=\u00a0\u00bbrow\u00a0\u00bb use_row_as_full_screen_section=\u00a0\u00bbno\u00a0\u00bb type=\u00a0\u00bbfull_width\u00a0\u00bb angled_section=\u00a0\u00bbno\u00a0\u00bb text_align=\u00a0\u00bbleft\u00a0\u00bb background_image_as_pattern=\u00a0\u00bbwithout_pattern\u00a0\u00bb][vc_column][vc_empty_space height=\u00a0\u00bb30px\u00a0\u00bb][vc_column_text] Transport routier de courte, moyenne et longue distance [\/vc_column_text][vc_empty_space height=\u00a0\u00bb30px\u00a0\u00bb][vc_column_text] National et international [\/vc_column_text][vc_empty_space height=\u00a0\u00bb30px\u00a0\u00bb][\/vc_column][\/vc_row][vc_row css_animation=\u00a0\u00bb\u00a0\u00bb row_type=\u00a0\u00bbrow\u00a0\u00bb use_row_as_full_screen_section=\u00a0\u00bbno\u00a0\u00bb type=\u00a0\u00bbfull_width\u00a0\u00bb angled_section=\u00a0\u00bbno\u00a0\u00bb text_align=\u00a0\u00bbleft\u00a0\u00bb background_image_as_pattern=\u00a0\u00bbwithout_pattern\u00a0\u00bb][vc_column width=\u00a0\u00bb2\/3&Prime;][vc_empty_space height=\u00a0\u00bb30px\u00a0\u00bb][vc_column_text]Acotral atteint depuis les ann\u00e9es 70 une trajectoire large et sp\u00e9cialis\u00e9e dans le&#8230;<\/p>\n","protected":false},"author":4,"featured_media":0,"parent":0,"menu_order":0,"comment_status":"closed","ping_status":"closed","template":"","meta":{"ngg_post_thumbnail":0,"footnotes":""},"class_list":["post-4087","page","type-page","status-publish","hentry"],"_links":{"self":[{"href":"https:\/\/www.acotral.com\/fr\/wp-json\/wp\/v2\/pages\/4087","targetHints":{"allow":["GET"]}}],"collection":[{"href":"https:\/\/www.acotral.com\/fr\/wp-json\/wp\/v2\/pages"}],"about":[{"href":"https:\/\/www.acotral.com\/fr\/wp-json\/wp\/v2\/types\/page"}],"author":[{"embeddable":true,"href":"https:\/\/www.acotral.com\/fr\/wp-json\/wp\/v2\/users\/4"}],"replies":[{"embeddable":true,"href":"https:\/\/www.acotral.com\/fr\/wp-json\/wp\/v2\/comments?post=4087"}],"version-history":[{"count":6,"href":"https:\/\/www.acotral.com\/fr\/wp-json\/wp\/v2\/pages\/4087\/revisions"}],"predecessor-version":[{"id":4162,"href":"https:\/\/www.acotral.com\/fr\/wp-json\/wp\/v2\/pages\/4087\/revisions\/4162"}],"wp:attachment":[{"href":"https:\/\/www.acotral.com\/fr\/wp-json\/wp\/v2\/media?parent=4087"}],"curies":[{"name":"wp","href":"https:\/\/api.w.org\/{rel}","templated":true}]}}