{"id":3140,"date":"2019-03-17T19:58:25","date_gmt":"2019-03-17T18:58:25","guid":{"rendered":"https:\/\/www.acotral.com\/?page_id=3140"},"modified":"2026-03-04T16:05:49","modified_gmt":"2026-03-04T15:05:49","slug":"contact","status":"publish","type":"page","link":"https:\/\/www.acotral.com\/en\/contact\/","title":{"rendered":"CONTACT"},"content":{"rendered":"<p>[vc_row css_animation=&#8221;&#8221; row_type=&#8221;row&#8221; use_row_as_full_screen_section=&#8221;no&#8221; type=&#8221;full_width&#8221; angled_section=&#8221;no&#8221; text_align=&#8221;left&#8221; background_image_as_pattern=&#8221;without_pattern&#8221;][vc_column]<div class='google_map_shortcode_holder' style='height:300px;'><div class='qode_google_map' style='height:300px;' id='map_canvas_17228' data-addresses='[\"Calle Cueva de Viera, 2. Pol\u00edgono Industrial de Antequera\"]' data-custom-map-style='true' data-color-overlay='#294072' data-saturation='-40' data-lightness='0' data-zoom='13' data-pin='https:\/\/www.acotral.com\/wp-content\/uploads\/2017\/08\/map-pin.png' data-unique-id='17228' data-google-maps-scroll-wheel='false' data-snazzy-map-style='no' data-map-height='300'><\/div><div class='google_map_shortcode_overlay'><\/div><\/div>[\/vc_column][\/vc_row][vc_row css_animation=&#8221;&#8221; row_type=&#8221;row&#8221; use_row_as_full_screen_section=&#8221;no&#8221; type=&#8221;grid&#8221; angled_section=&#8221;no&#8221; text_align=&#8221;left&#8221; background_image_as_pattern=&#8221;without_pattern&#8221; css=&#8221;.vc_custom_1502897097830{padding-top: 111px !important;padding-bottom: 24px !important;}&#8221;][vc_column offset=&#8221;vc_col-lg-6 vc_col-md-6&#8243;][vc_empty_space height=&#8221;25px&#8221;][vc_column_text]<\/p>\n<h4>Send us your message<\/h4>\n<p>[\/vc_column_text][vc_empty_space height=&#8221;25px&#8221;][vc_column_text]<\/p>\n<p><strong>Information on the processing of your personal data in accordance with the provisions of General Regulation (EU) 2016\/679 on data protection (GDPR) and Organic Law 3\/2018 on data protection and guarantee of digital rights (LOPDGDD).<\/strong><\/p>\n<p><strong>Data controller:<\/strong> COMPA\u00d1\u00cdA LOG\u00cdSTICA ACOTRAL, S.A. <strong>Purpose:<\/strong> To respond to your queries and requests and, if authorised, to send you information related to our services or the services of companies belonging to the Ontime group. <strong>Legitimacy<\/strong>: contractual relationship and legitimate interest &#8211; if you are already our customer &#8211; or express consent &#8211; for other third parties. <strong>Rights:<\/strong> You have the right to withdraw your consent at any time, and to access, rectify, oppose and erasure your data, as well as to portability and limitation of its processing, by sending a communication to <a href=\"mailto:privacidad@ontime.es\">privacidad@ontime.es<\/a>. You also have the right to lodge a complaint with the competent Supervisory Authority (<a href=\"https:\/\/eur03.safelinks.protection.outlook.com\/?url=https%3A%2F%2Furldefense.com%2Fv3%2F__http%3A%2F%2Fwww.aepd.es__%3B!!Kx8GOAI!2YLfGTpgR0F0w6apddF1uNhfjTrxNsre83JA9PlsK_yAx4rfFnEhl8e4d0TjKyW4j0KATilJ3mkkafg%24&amp;data=05%7C02%7Cmlcortes%40ontime.es%7Ca9588f05574e42ca3d4508de79f91e56%7C0171f907e0fb409f823b60ff5700b463%7C0%7C0%7C639082308031977813%7CUnknown%7CTWFpbGZsb3d8eyJFbXB0eU1hcGkiOnRydWUsIlYiOiIwLjAuMDAwMCIsIlAiOiJXaW4zMiIsIkFOIjoiTWFpbCIsIldUIjoyfQ%3D%3D%7C0%7C%7C%7C&amp;sdata=cl%2FBaEdS1teuH7tymf58ccm354X%2B7XiOetg6PF2DG3I%3D&amp;reserved=0\">www.aepd.es<\/a>). <strong>Additional information:<\/strong> You can consult our privacy policy.<\/p>\n<p>&nbsp;<\/p>\n<p>&nbsp;<\/p>\n<p>[\/vc_column_text][\/vc_column][vc_column offset=&#8221;vc_col-lg-6 vc_col-md-6&#8243;][vc_empty_space height=&#8221;25px&#8221;][vc_column_text]<\/p>\n<h5>\u00bfWhere are we?<\/h5>\n<p>[\/vc_column_text][vc_empty_space height=&#8221;25px&#8221;][qode_elements_holder number_of_columns=&#8221;one_column&#8221;][qode_elements_holder_item item_padding=&#8221;0 34% 0 0&#8243; advanced_animations=&#8221;no&#8221; item_padding_1024_1280=&#8221;0 21% 0 0&#8243; item_padding_768_1024=&#8221;0 17% 0 0&#8243; item_padding_600_768=&#8221;0 34% 0 0&#8243; item_padding_480_600=&#8221;0px&#8221; item_padding_480=&#8221;0px&#8221;]<div class=\"q_icon_list\"><i class=\"qodef-icon-dripicons dripicon dripicons-location qode-ili-icon-holder transparent\" style=\"font-size: 19px;color: #294072;\" ><\/i><p style=\"color:#484848;font-size: 15px;font-weight: 400;margin-bottom: 0px;\">Calle Cueva de Viera, 2. Pol\u00edgono Industrial de Antequera<\/p><\/div><div class=\"q_icon_list\"><i class=\"qode_icon_font_awesome fa fa-globe qode-ili-icon-holder transparent\" style=\"font-size: 19px;color: #294072;\" ><\/i><p style=\"color:#484848;font-size: 15px;font-weight: 400;margin-bottom: 0px;\">29200 Antequera (M\u00e1laga) ESPA\u00d1A<\/p><\/div><div class=\"q_icon_list\"><i class=\"qodef-icon-dripicons dripicon dripicons-phone qode-ili-icon-holder transparent\" style=\"font-size: 19px;color: #294072;\" ><\/i><p style=\"color:#484848;font-size: 15px;font-weight: 400;margin-bottom: 0px;\">+34 951 117 717<\/p><\/div><div class=\"q_icon_list\"><i class=\"qode_icon_font_awesome fa fa-fax qode-ili-icon-holder transparent\" style=\"font-size: 19px;color: #294072;\" ><\/i><p style=\"color:#484848;font-size: 15px;font-weight: 400;margin-bottom: 0px;\">+34 951 117 077<\/p><\/div><div class=\"q_icon_list\"><i class=\"qode_icon_font_awesome fa fa-envelope qode-ili-icon-holder transparent\" style=\"font-size: 19px;color: #294072;\" ><\/i><p style=\"color:#484848;font-size: 15px;font-weight: 400;margin-bottom: 0px;\">acotral@acotral.com<\/p><\/div>[vc_empty_space height=&#8221;23px&#8221;][\/qode_elements_holder_item][\/qode_elements_holder][vc_empty_space][vc_single_image image=&#8221;2706&#8243; img_size=&#8221;full&#8221; qode_css_animation=&#8221;&#8221;][\/vc_column][\/vc_row]<\/p>\n","protected":false},"excerpt":{"rendered":"<p>[vc_row css_animation=&#8221;&#8221; row_type=&#8221;row&#8221; use_row_as_full_screen_section=&#8221;no&#8221; type=&#8221;full_width&#8221; angled_section=&#8221;no&#8221; text_align=&#8221;left&#8221; background_image_as_pattern=&#8221;without_pattern&#8221;][vc_column][\/vc_column][\/vc_row][vc_row css_animation=&#8221;&#8221; row_type=&#8221;row&#8221; use_row_as_full_screen_section=&#8221;no&#8221; type=&#8221;grid&#8221; angled_section=&#8221;no&#8221; text_align=&#8221;left&#8221; background_image_as_pattern=&#8221;without_pattern&#8221; css=&#8221;.vc_custom_1502897097830{padding-top: 111px !important;padding-bottom: 24px !important;}&#8221;][vc_column offset=&#8221;vc_col-lg-6 vc_col-md-6&#8243;][vc_empty_space height=&#8221;25px&#8221;][vc_column_text] Send us your message [\/vc_column_text][vc_empty_space height=&#8221;25px&#8221;][vc_column_text] Information on the processing of your personal data in accordance with the provisions of General Regulation&#8230;<\/p>\n","protected":false},"author":4,"featured_media":0,"parent":0,"menu_order":0,"comment_status":"closed","ping_status":"closed","template":"full_width.php","meta":{"ngg_post_thumbnail":0,"footnotes":""},"class_list":["post-3140","page","type-page","status-publish","hentry"],"_links":{"self":[{"href":"https:\/\/www.acotral.com\/en\/wp-json\/wp\/v2\/pages\/3140","targetHints":{"allow":["GET"]}}],"collection":[{"href":"https:\/\/www.acotral.com\/en\/wp-json\/wp\/v2\/pages"}],"about":[{"href":"https:\/\/www.acotral.com\/en\/wp-json\/wp\/v2\/types\/page"}],"author":[{"embeddable":true,"href":"https:\/\/www.acotral.com\/en\/wp-json\/wp\/v2\/users\/4"}],"replies":[{"embeddable":true,"href":"https:\/\/www.acotral.com\/en\/wp-json\/wp\/v2\/comments?post=3140"}],"version-history":[{"count":11,"href":"https:\/\/www.acotral.com\/en\/wp-json\/wp\/v2\/pages\/3140\/revisions"}],"predecessor-version":[{"id":6497,"href":"https:\/\/www.acotral.com\/en\/wp-json\/wp\/v2\/pages\/3140\/revisions\/6497"}],"wp:attachment":[{"href":"https:\/\/www.acotral.com\/en\/wp-json\/wp\/v2\/media?parent=3140"}],"curies":[{"name":"wp","href":"https:\/\/api.w.org\/{rel}","templated":true}]}}